{"id":551,"date":"2025-05-26T05:58:47","date_gmt":"2025-05-26T05:58:47","guid":{"rendered":"https:\/\/pachamamaretreatcenter.com\/?page_id=551"},"modified":"2025-09-05T15:47:42","modified_gmt":"2025-09-05T15:47:42","slug":"workshops","status":"publish","type":"page","link":"https:\/\/pachamamaretreatcenter.com\/es\/workshops\/","title":{"rendered":"Talleres"},"content":{"rendered":"<div data-elementor-type=\"wp-page\" data-elementor-id=\"551\" class=\"elementor elementor-551\" data-elementor-post-type=\"page\">\n\t\t\t\t<div class=\"elementor-element elementor-element-4e7dba0 e-flex e-con-boxed e-con e-parent\" data-id=\"4e7dba0\" data-element_type=\"container\" data-e-type=\"container\" data-settings=\"{&quot;background_background&quot;:&quot;classic&quot;}\">\n\t\t\t\t\t<div class=\"e-con-inner\">\n\t\t<div class=\"elementor-element elementor-element-03fab19 e-flex e-con-boxed e-con e-child\" data-id=\"03fab19\" data-element_type=\"container\" data-e-type=\"container\">\n\t\t\t\t\t<div class=\"e-con-inner\">\n\t\t<div class=\"elementor-element elementor-element-69d423e e-con-full e-flex e-con e-child\" data-id=\"69d423e\" data-element_type=\"container\" data-e-type=\"container\">\n\t\t\t\t<div class=\"elementor-element elementor-element-7f12299 elementor-widget elementor-widget-image\" data-id=\"7f12299\" data-element_type=\"widget\" data-e-type=\"widget\" data-widget_type=\"image.default\">\n\t\t\t\t<div class=\"elementor-widget-container\">\n\t\t\t\t\t\t\t\t\t\t\t\t\t\t\t<img fetchpriority=\"high\" decoding=\"async\" width=\"540\" height=\"536\" src=\"https:\/\/pachamamaretreatcenter.com\/wp-content\/uploads\/2025\/05\/img18.png\" class=\"attachment-large size-large wp-image-554\" alt=\"\" srcset=\"https:\/\/pachamamaretreatcenter.com\/wp-content\/uploads\/2025\/05\/img18.png 540w, https:\/\/pachamamaretreatcenter.com\/wp-content\/uploads\/2025\/05\/img18-300x298.png 300w, https:\/\/pachamamaretreatcenter.com\/wp-content\/uploads\/2025\/05\/img18-150x150.png 150w\" sizes=\"(max-width: 540px) 100vw, 540px\" \/>\t\t\t\t\t\t\t\t\t\t\t\t\t\t\t<\/div>\n\t\t\t\t<\/div>\n\t\t\t\t<div class=\"elementor-element elementor-element-4b5a534 elementor-widget elementor-widget-heading\" data-id=\"4b5a534\" data-element_type=\"widget\" data-e-type=\"widget\" data-widget_type=\"heading.default\">\n\t\t\t\t<div class=\"elementor-widget-container\">\n\t\t\t\t\t<h2 class=\"elementor-heading-title elementor-size-default\">Retiros, capacitaciones y \n<br>talleres de sanaci\u00f3n \n<br>andina y sexualidad \n<br>hol\u00edstica<\/h2>\t\t\t\t<\/div>\n\t\t\t\t<\/div>\n\t\t\t\t<div class=\"elementor-element elementor-element-6f43205 elementor-widget__width-initial elementor-widget elementor-widget-text-editor\" data-id=\"6f43205\" data-element_type=\"widget\" data-e-type=\"widget\" data-widget_type=\"text-editor.default\">\n\t\t\t\t<div class=\"elementor-widget-container\">\n\t\t\t\t\t\t\t\t\t<p>En Pachamama ofrecemos una variedad de retiros,<br \/>capacitaciones y talleres sobre la intersecci\u00f3n de la<br \/>sexualidad y el bienestar hol\u00edstico durante todo el a\u00f1o.<\/p>\t\t\t\t\t\t\t\t<\/div>\n\t\t\t\t<\/div>\n\t\t\t\t<\/div>\n\t\t<div class=\"elementor-element elementor-element-29ea2a8 e-con-full e-flex e-con e-child\" data-id=\"29ea2a8\" data-element_type=\"container\" data-e-type=\"container\">\n\t\t\t\t<div class=\"elementor-element elementor-element-044fcc9 elementor-widget elementor-widget-image\" data-id=\"044fcc9\" data-element_type=\"widget\" data-e-type=\"widget\" data-widget_type=\"image.default\">\n\t\t\t\t<div class=\"elementor-widget-container\">\n\t\t\t\t\t\t\t\t\t\t\t\t\t\t\t<img decoding=\"async\" width=\"800\" height=\"534\" src=\"https:\/\/pachamamaretreatcenter.com\/wp-content\/uploads\/2025\/09\/Retreats-1024x683.jpg\" class=\"attachment-large size-large wp-image-1952\" alt=\"\" srcset=\"https:\/\/pachamamaretreatcenter.com\/wp-content\/uploads\/2025\/09\/Retreats-1024x683.jpg 1024w, https:\/\/pachamamaretreatcenter.com\/wp-content\/uploads\/2025\/09\/Retreats-300x200.jpg 300w, https:\/\/pachamamaretreatcenter.com\/wp-content\/uploads\/2025\/09\/Retreats-768x512.jpg 768w, https:\/\/pachamamaretreatcenter.com\/wp-content\/uploads\/2025\/09\/Retreats-18x12.jpg 18w, https:\/\/pachamamaretreatcenter.com\/wp-content\/uploads\/2025\/09\/Retreats.jpg 1500w\" sizes=\"(max-width: 800px) 100vw, 800px\" \/>\t\t\t\t\t\t\t\t\t\t\t\t\t\t\t<\/div>\n\t\t\t\t<\/div>\n\t\t\t\t<\/div>\n\t\t\t\t\t<\/div>\n\t\t\t\t<\/div>\n\t\t\t\t<div class=\"elementor-element elementor-element-f25ce43 elementor-absolute elementor-widget elementor-widget-image\" data-id=\"f25ce43\" data-element_type=\"widget\" data-e-type=\"widget\" data-settings=\"{&quot;_position&quot;:&quot;absolute&quot;}\" data-widget_type=\"image.default\">\n\t\t\t\t<div class=\"elementor-widget-container\">\n\t\t\t\t\t\t\t\t\t\t\t\t\t\t\t<img decoding=\"async\" width=\"392\" height=\"396\" src=\"https:\/\/pachamamaretreatcenter.com\/wp-content\/uploads\/2025\/05\/AASECT.png\" class=\"attachment-large size-large wp-image-272\" alt=\"\" srcset=\"https:\/\/pachamamaretreatcenter.com\/wp-content\/uploads\/2025\/05\/AASECT.png 392w, https:\/\/pachamamaretreatcenter.com\/wp-content\/uploads\/2025\/05\/AASECT-297x300.png 297w\" sizes=\"(max-width: 392px) 100vw, 392px\" \/>\t\t\t\t\t\t\t\t\t\t\t\t\t\t\t<\/div>\n\t\t\t\t<\/div>\n\t\t\t\t\t<\/div>\n\t\t\t\t<\/div>\n\t\t<div class=\"elementor-element elementor-element-3c6a9e0 e-flex e-con-boxed e-con e-parent\" data-id=\"3c6a9e0\" data-element_type=\"container\" data-e-type=\"container\">\n\t\t\t\t\t<div class=\"e-con-inner\">\n\t\t\t\t<div class=\"elementor-element elementor-element-1e961b1 elementor-absolute elementor-hidden-tablet elementor-hidden-mobile elementor-widget elementor-widget-image\" data-id=\"1e961b1\" data-element_type=\"widget\" data-e-type=\"widget\" data-settings=\"{&quot;_position&quot;:&quot;absolute&quot;}\" data-widget_type=\"image.default\">\n\t\t\t\t<div class=\"elementor-widget-container\">\n\t\t\t\t\t\t\t\t\t\t\t\t\t\t\t<img loading=\"lazy\" decoding=\"async\" width=\"369\" height=\"1024\" src=\"https:\/\/pachamamaretreatcenter.com\/wp-content\/uploads\/2025\/05\/services-1-369x1024.png\" class=\"attachment-large size-large wp-image-812\" alt=\"\" srcset=\"https:\/\/pachamamaretreatcenter.com\/wp-content\/uploads\/2025\/05\/services-1-369x1024.png 369w, https:\/\/pachamamaretreatcenter.com\/wp-content\/uploads\/2025\/05\/services-1-108x300.png 108w, https:\/\/pachamamaretreatcenter.com\/wp-content\/uploads\/2025\/05\/services-1-768x2132.png 768w, https:\/\/pachamamaretreatcenter.com\/wp-content\/uploads\/2025\/05\/services-1-553x1536.png 553w, https:\/\/pachamamaretreatcenter.com\/wp-content\/uploads\/2025\/05\/services-1-738x2048.png 738w, https:\/\/pachamamaretreatcenter.com\/wp-content\/uploads\/2025\/05\/services-1-scaled.png 922w\" sizes=\"(max-width: 369px) 100vw, 369px\" \/>\t\t\t\t\t\t\t\t\t\t\t\t\t\t\t<\/div>\n\t\t\t\t<\/div>\n\t\t<div class=\"elementor-element elementor-element-6fe318b e-con-full e-flex e-con e-child\" data-id=\"6fe318b\" data-element_type=\"container\" data-e-type=\"container\">\n\t\t\t\t<div class=\"elementor-element elementor-element-6c93151 elementor-widget elementor-widget-image\" data-id=\"6c93151\" data-element_type=\"widget\" data-e-type=\"widget\" data-widget_type=\"image.default\">\n\t\t\t\t<div class=\"elementor-widget-container\">\n\t\t\t\t\t\t\t\t\t\t\t\t\t\t\t<img loading=\"lazy\" decoding=\"async\" width=\"800\" height=\"884\" src=\"https:\/\/pachamamaretreatcenter.com\/wp-content\/uploads\/2025\/05\/workshop4-927x1024.png\" class=\"attachment-large size-large wp-image-579\" alt=\"\" srcset=\"https:\/\/pachamamaretreatcenter.com\/wp-content\/uploads\/2025\/05\/workshop4-927x1024.png 927w, https:\/\/pachamamaretreatcenter.com\/wp-content\/uploads\/2025\/05\/workshop4-272x300.png 272w, https:\/\/pachamamaretreatcenter.com\/wp-content\/uploads\/2025\/05\/workshop4-768x848.png 768w, https:\/\/pachamamaretreatcenter.com\/wp-content\/uploads\/2025\/05\/workshop4-1391x1536.png 1391w, https:\/\/pachamamaretreatcenter.com\/wp-content\/uploads\/2025\/05\/workshop4-1854x2048.png 1854w\" sizes=\"(max-width: 800px) 100vw, 800px\" \/>\t\t\t\t\t\t\t\t\t\t\t\t\t\t\t<\/div>\n\t\t\t\t<\/div>\n\t\t\t\t<\/div>\n\t\t<div class=\"elementor-element elementor-element-9cfca59 e-con-full e-flex e-con e-child\" data-id=\"9cfca59\" data-element_type=\"container\" data-e-type=\"container\">\n\t\t\t\t<div class=\"elementor-element elementor-element-493a022 elementor-widget elementor-widget-text-editor\" data-id=\"493a022\" data-element_type=\"widget\" data-e-type=\"widget\" data-widget_type=\"text-editor.default\">\n\t\t\t\t<div class=\"elementor-widget-container\">\n\t\t\t\t\t\t\t\t\t<p>Trainings<\/p>\t\t\t\t\t\t\t\t<\/div>\n\t\t\t\t<\/div>\n\t\t\t\t<div class=\"elementor-element elementor-element-8fa92fc elementor-widget elementor-widget-heading\" data-id=\"8fa92fc\" data-element_type=\"widget\" data-e-type=\"widget\" data-widget_type=\"heading.default\">\n\t\t\t\t<div class=\"elementor-widget-container\">\n\t\t\t\t\t<h2 class=\"elementor-heading-title elementor-size-default\">Sanaci\u00f3n Andina y Entrenamientos Hol\u00edsticos<\/h2>\t\t\t\t<\/div>\n\t\t\t\t<\/div>\n\t\t\t\t<div class=\"elementor-element elementor-element-4922430 elementor-widget elementor-widget-text-editor\" data-id=\"4922430\" data-element_type=\"widget\" data-e-type=\"widget\" data-widget_type=\"text-editor.default\">\n\t\t\t\t<div class=\"elementor-widget-container\">\n\t\t\t\t\t\t\t\t\t<p>Estas capacitaciones est\u00e1n dise\u00f1adas para terapeutas,<br \/>otras profesiones de ayuda, sanadores y otras personas<br \/>de apoyo en la comunidad.<\/p>\t\t\t\t\t\t\t\t<\/div>\n\t\t\t\t<\/div>\n\t\t\t\t<\/div>\n\t\t\t\t<div class=\"elementor-element elementor-element-b6bb366 elementor-absolute elementor-hidden-tablet elementor-hidden-mobile elementor-widget elementor-widget-image\" data-id=\"b6bb366\" data-element_type=\"widget\" data-e-type=\"widget\" data-settings=\"{&quot;_position&quot;:&quot;absolute&quot;}\" data-widget_type=\"image.default\">\n\t\t\t\t<div class=\"elementor-widget-container\">\n\t\t\t\t\t\t\t\t\t\t\t\t\t\t\t<img loading=\"lazy\" decoding=\"async\" width=\"497\" height=\"1024\" src=\"https:\/\/pachamamaretreatcenter.com\/wp-content\/uploads\/2025\/05\/services2-1-497x1024.png\" class=\"attachment-large size-large wp-image-811\" alt=\"\" srcset=\"https:\/\/pachamamaretreatcenter.com\/wp-content\/uploads\/2025\/05\/services2-1-497x1024.png 497w, https:\/\/pachamamaretreatcenter.com\/wp-content\/uploads\/2025\/05\/services2-1-146x300.png 146w, https:\/\/pachamamaretreatcenter.com\/wp-content\/uploads\/2025\/05\/services2-1-768x1582.png 768w, https:\/\/pachamamaretreatcenter.com\/wp-content\/uploads\/2025\/05\/services2-1-746x1536.png 746w, https:\/\/pachamamaretreatcenter.com\/wp-content\/uploads\/2025\/05\/services2-1-994x2048.png 994w, https:\/\/pachamamaretreatcenter.com\/wp-content\/uploads\/2025\/05\/services2-1.png 1140w\" sizes=\"(max-width: 497px) 100vw, 497px\" \/>\t\t\t\t\t\t\t\t\t\t\t\t\t\t\t<\/div>\n\t\t\t\t<\/div>\n\t\t\t\t\t<\/div>\n\t\t\t\t<\/div>\n\t\t<div class=\"elementor-element elementor-element-e6b5307 e-flex e-con-boxed e-con e-parent\" data-id=\"e6b5307\" data-element_type=\"container\" data-e-type=\"container\">\n\t\t\t\t\t<div class=\"e-con-inner\">\n\t\t<div class=\"elementor-element elementor-element-db00e0a e-con-full e-flex e-con e-child\" data-id=\"db00e0a\" data-element_type=\"container\" data-e-type=\"container\">\n\t\t\t\t<div class=\"elementor-element elementor-element-979516c elementor-widget elementor-widget-text-editor\" data-id=\"979516c\" data-element_type=\"widget\" data-e-type=\"widget\" data-widget_type=\"text-editor.default\">\n\t\t\t\t<div class=\"elementor-widget-container\">\n\t\t\t\t\t\t\t\t\t<p>Retiros<\/p>\t\t\t\t\t\t\t\t<\/div>\n\t\t\t\t<\/div>\n\t\t\t\t<div class=\"elementor-element elementor-element-f22362e elementor-widget__width-initial elementor-widget elementor-widget-heading\" data-id=\"f22362e\" data-element_type=\"widget\" data-e-type=\"widget\" data-widget_type=\"heading.default\">\n\t\t\t\t<div class=\"elementor-widget-container\">\n\t\t\t\t\t<h2 class=\"elementor-heading-title elementor-size-default\">Retiros para \n<br>reconectarte contigo mismo y tu sexualidad sagrada<\/h2>\t\t\t\t<\/div>\n\t\t\t\t<\/div>\n\t\t\t\t<div class=\"elementor-element elementor-element-11d094e elementor-widget elementor-widget-text-editor\" data-id=\"11d094e\" data-element_type=\"widget\" data-e-type=\"widget\" data-widget_type=\"text-editor.default\">\n\t\t\t\t<div class=\"elementor-widget-container\">\n\t\t\t\t\t\t\t\t\t<p>Se realizan diversos retiros a lo largo del a\u00f1o. El prop\u00f3sito de todos ellos es reconectarnos con nosotros mismos y nuestra sexualidad sagrada mediante intervenciones terap\u00e9uticas, sanaci\u00f3n andina y otras modalidades de sanaci\u00f3n hol\u00edstica.<\/p><p><strong>\u2022 En Casa\u00a0<\/strong><br \/>Muy pronto<\/p><p><strong>\u2022 En el extranjero\u00a0\u00a0<\/strong><br \/>Se ofrecen diversos retiros centrados en la sexualidad dos veces al a\u00f1o. Estos retiros abarcan diversas modalidades de sanaci\u00f3n energ\u00e9tica que pueden ayudar a sanar viejas heridas y patrones que pueden obstaculizar y bloquear nuestra sexualidad.\u00a0<\/p>\t\t\t\t\t\t\t\t<\/div>\n\t\t\t\t<\/div>\n\t\t\t\t<\/div>\n\t\t<div class=\"elementor-element elementor-element-161d5ad e-con-full e-flex e-con e-child\" data-id=\"161d5ad\" data-element_type=\"container\" data-e-type=\"container\">\n\t\t\t\t<div class=\"elementor-element elementor-element-278fa8b elementor-widget elementor-widget-image\" data-id=\"278fa8b\" data-element_type=\"widget\" data-e-type=\"widget\" data-widget_type=\"image.default\">\n\t\t\t\t<div class=\"elementor-widget-container\">\n\t\t\t\t\t\t\t\t\t\t\t\t\t\t\t<img loading=\"lazy\" decoding=\"async\" width=\"557\" height=\"1024\" src=\"https:\/\/pachamamaretreatcenter.com\/wp-content\/uploads\/2025\/05\/workshop3-557x1024.png\" class=\"attachment-large size-large wp-image-578\" alt=\"\" srcset=\"https:\/\/pachamamaretreatcenter.com\/wp-content\/uploads\/2025\/05\/workshop3-557x1024.png 557w, https:\/\/pachamamaretreatcenter.com\/wp-content\/uploads\/2025\/05\/workshop3-163x300.png 163w, https:\/\/pachamamaretreatcenter.com\/wp-content\/uploads\/2025\/05\/workshop3-768x1412.png 768w, https:\/\/pachamamaretreatcenter.com\/wp-content\/uploads\/2025\/05\/workshop3-836x1536.png 836w, https:\/\/pachamamaretreatcenter.com\/wp-content\/uploads\/2025\/05\/workshop3-1114x2048.png 1114w, https:\/\/pachamamaretreatcenter.com\/wp-content\/uploads\/2025\/05\/workshop3-scaled.png 1393w\" sizes=\"(max-width: 557px) 100vw, 557px\" \/>\t\t\t\t\t\t\t\t\t\t\t\t\t\t\t<\/div>\n\t\t\t\t<\/div>\n\t\t\t\t<\/div>\n\t\t\t\t\t<\/div>\n\t\t\t\t<\/div>\n\t\t<div class=\"elementor-element elementor-element-21e403e e-flex e-con-boxed e-con e-parent\" data-id=\"21e403e\" data-element_type=\"container\" data-e-type=\"container\">\n\t\t\t\t\t<div class=\"e-con-inner\">\n\t\t<div class=\"elementor-element elementor-element-7669468 e-con-full e-flex e-con e-child\" data-id=\"7669468\" data-element_type=\"container\" data-e-type=\"container\">\n\t\t\t\t<div class=\"elementor-element elementor-element-7a23c25 elementor-widget elementor-widget-image\" data-id=\"7a23c25\" data-element_type=\"widget\" data-e-type=\"widget\" data-widget_type=\"image.default\">\n\t\t\t\t<div class=\"elementor-widget-container\">\n\t\t\t\t\t\t\t\t\t\t\t\t\t\t\t<img loading=\"lazy\" decoding=\"async\" width=\"800\" height=\"886\" src=\"https:\/\/pachamamaretreatcenter.com\/wp-content\/uploads\/2025\/05\/workshop2-scaled-e1748293015365-925x1024.png\" class=\"attachment-large size-large wp-image-577\" alt=\"\" srcset=\"https:\/\/pachamamaretreatcenter.com\/wp-content\/uploads\/2025\/05\/workshop2-scaled-e1748293015365-925x1024.png 925w, https:\/\/pachamamaretreatcenter.com\/wp-content\/uploads\/2025\/05\/workshop2-scaled-e1748293015365-271x300.png 271w, https:\/\/pachamamaretreatcenter.com\/wp-content\/uploads\/2025\/05\/workshop2-scaled-e1748293015365-768x850.png 768w, https:\/\/pachamamaretreatcenter.com\/wp-content\/uploads\/2025\/05\/workshop2-scaled-e1748293015365-1387x1536.png 1387w, https:\/\/pachamamaretreatcenter.com\/wp-content\/uploads\/2025\/05\/workshop2-scaled-e1748293015365-1850x2048.png 1850w\" sizes=\"(max-width: 800px) 100vw, 800px\" \/>\t\t\t\t\t\t\t\t\t\t\t\t\t\t\t<\/div>\n\t\t\t\t<\/div>\n\t\t\t\t<\/div>\n\t\t<div class=\"elementor-element elementor-element-c2a98f9 e-con-full e-flex e-con e-child\" data-id=\"c2a98f9\" data-element_type=\"container\" data-e-type=\"container\">\n\t\t\t\t<div class=\"elementor-element elementor-element-37d1ed1 elementor-widget elementor-widget-text-editor\" data-id=\"37d1ed1\" data-element_type=\"widget\" data-e-type=\"widget\" data-widget_type=\"text-editor.default\">\n\t\t\t\t<div class=\"elementor-widget-container\">\n\t\t\t\t\t\t\t\t\t<p>Other offerings<\/p>\t\t\t\t\t\t\t\t<\/div>\n\t\t\t\t<\/div>\n\t\t\t\t<div class=\"elementor-element elementor-element-821b18e elementor-widget elementor-widget-heading\" data-id=\"821b18e\" data-element_type=\"widget\" data-e-type=\"widget\" data-widget_type=\"heading.default\">\n\t\t\t\t<div class=\"elementor-widget-container\">\n\t\t\t\t\t<h2 class=\"elementor-heading-title elementor-size-default\">Reuniones sagradas y ofrendas intuitivas<\/h2>\t\t\t\t<\/div>\n\t\t\t\t<\/div>\n\t\t\t\t<div class=\"elementor-element elementor-element-b91d0e3 elementor-icon-list--layout-traditional elementor-list-item-link-full_width elementor-widget elementor-widget-icon-list\" data-id=\"b91d0e3\" data-element_type=\"widget\" data-e-type=\"widget\" data-widget_type=\"icon-list.default\">\n\t\t\t\t<div class=\"elementor-widget-container\">\n\t\t\t\t\t\t\t<ul class=\"elementor-icon-list-items\">\n\t\t\t\t\t\t\t<li class=\"elementor-icon-list-item\">\n\t\t\t\t\t\t\t\t\t\t\t<span class=\"elementor-icon-list-icon\">\n\t\t\t\t\t\t\t<svg aria-hidden=\"true\" class=\"e-font-icon-svg e-fas-check\" viewbox=\"0 0 512 512\" xmlns=\"http:\/\/www.w3.org\/2000\/svg\"><path d=\"M173.898 439.404l-166.4-166.4c-9.997-9.997-9.997-26.206 0-36.204l36.203-36.204c9.997-9.998 26.207-9.998 36.204 0L192 312.69 432.095 72.596c9.997-9.997 26.207-9.997 36.204 0l36.203 36.204c9.997 9.997 9.997 26.206 0 36.204l-294.4 294.401c-9.998 9.997-26.207 9.997-36.204-.001z\"><\/path><\/svg>\t\t\t\t\t\t<\/span>\n\t\t\t\t\t\t\t\t\t\t<span class=\"elementor-icon-list-text\">Yoga comunitario: reducci\u00f3n de $15 en el precio Todos los viernes y domingos por la ma\u00f1ana ofrecemos yoga grupal en persona.<\/span>\n\t\t\t\t\t\t\t\t\t<\/li>\n\t\t\t\t\t\t\t\t<li class=\"elementor-icon-list-item\">\n\t\t\t\t\t\t\t\t\t\t\t<span class=\"elementor-icon-list-icon\">\n\t\t\t\t\t\t\t<svg aria-hidden=\"true\" class=\"e-font-icon-svg e-fas-check\" viewbox=\"0 0 512 512\" xmlns=\"http:\/\/www.w3.org\/2000\/svg\"><path d=\"M173.898 439.404l-166.4-166.4c-9.997-9.997-9.997-26.206 0-36.204l36.203-36.204c9.997-9.998 26.207-9.998 36.204 0L192 312.69 432.095 72.596c9.997-9.997 26.207-9.997 36.204 0l36.203 36.204c9.997 9.997 9.997 26.206 0 36.204l-294.4 294.401c-9.998 9.997-26.207 9.997-36.204-.001z\"><\/path><\/svg>\t\t\t\t\t\t<\/span>\n\t\t\t\t\t\t\t\t\t\t<span class=\"elementor-icon-list-text\">Sanaci\u00f3n con sonido comunitaria: $$ reducci\u00f3n de precio Todos los s\u00e1bados por la ma\u00f1ana ofrecemos sanaci\u00f3n con sonido comunitaria en persona.<\/span>\n\t\t\t\t\t\t\t\t\t<\/li>\n\t\t\t\t\t\t\t\t<li class=\"elementor-icon-list-item\">\n\t\t\t\t\t\t\t\t\t\t\t<span class=\"elementor-icon-list-icon\">\n\t\t\t\t\t\t\t<svg aria-hidden=\"true\" class=\"e-font-icon-svg e-fas-check\" viewbox=\"0 0 512 512\" xmlns=\"http:\/\/www.w3.org\/2000\/svg\"><path d=\"M173.898 439.404l-166.4-166.4c-9.997-9.997-9.997-26.206 0-36.204l36.203-36.204c9.997-9.998 26.207-9.998 36.204 0L192 312.69 432.095 72.596c9.997-9.997 26.207-9.997 36.204 0l36.203 36.204c9.997 9.997 9.997 26.206 0 36.204l-294.4 294.401c-9.998 9.997-26.207 9.997-36.204-.001z\"><\/path><\/svg>\t\t\t\t\t\t<\/span>\n\t\t\t\t\t\t\t\t\t\t<span class=\"elementor-icon-list-text\">Lecturas intuitivas: $95<\/span>\n\t\t\t\t\t\t\t\t\t<\/li>\n\t\t\t\t\t\t\t\t<li class=\"elementor-icon-list-item\">\n\t\t\t\t\t\t\t\t\t\t\t<span class=\"elementor-icon-list-icon\">\n\t\t\t\t\t\t\t<svg aria-hidden=\"true\" class=\"e-font-icon-svg e-fas-check\" viewbox=\"0 0 512 512\" xmlns=\"http:\/\/www.w3.org\/2000\/svg\"><path d=\"M173.898 439.404l-166.4-166.4c-9.997-9.997-9.997-26.206 0-36.204l36.203-36.204c9.997-9.998 26.207-9.998 36.204 0L192 312.69 432.095 72.596c9.997-9.997 26.207-9.997 36.204 0l36.203 36.204c9.997 9.997 9.997 26.206 0 36.204l-294.4 294.401c-9.998 9.997-26.207 9.997-36.204-.001z\"><\/path><\/svg>\t\t\t\t\t\t<\/span>\n\t\t\t\t\t\t\t\t\t\t<span class=\"elementor-icon-list-text\">Registros Ak\u00e1shicos: $95<\/span>\n\t\t\t\t\t\t\t\t\t<\/li>\n\t\t\t\t\t\t\t\t<li class=\"elementor-icon-list-item\">\n\t\t\t\t\t\t\t\t\t\t\t<span class=\"elementor-icon-list-icon\">\n\t\t\t\t\t\t\t<svg aria-hidden=\"true\" class=\"e-font-icon-svg e-fas-check\" viewbox=\"0 0 512 512\" xmlns=\"http:\/\/www.w3.org\/2000\/svg\"><path d=\"M173.898 439.404l-166.4-166.4c-9.997-9.997-9.997-26.206 0-36.204l36.203-36.204c9.997-9.998 26.207-9.998 36.204 0L192 312.69 432.095 72.596c9.997-9.997 26.207-9.997 36.204 0l36.203 36.204c9.997 9.997 9.997 26.206 0 36.204l-294.4 294.401c-9.998 9.997-26.207 9.997-36.204-.001z\"><\/path><\/svg>\t\t\t\t\t\t<\/span>\n\t\t\t\t\t\t\t\t\t\t<span class=\"elementor-icon-list-text\">Ofrendas de Despacho (el precio var\u00eda)<\/span>\n\t\t\t\t\t\t\t\t\t<\/li>\n\t\t\t\t\t\t<\/ul>\n\t\t\t\t\t\t<\/div>\n\t\t\t\t<\/div>\n\t\t\t\t<\/div>\n\t\t\t\t\t<\/div>\n\t\t\t\t<\/div>\n\t\t<div class=\"elementor-element elementor-element-213ca02 e-flex e-con-boxed e-con e-parent\" data-id=\"213ca02\" data-element_type=\"container\" data-e-type=\"container\">\n\t\t\t\t\t<div class=\"e-con-inner\">\n\t\t<div class=\"elementor-element elementor-element-6429706 e-con-full e-flex e-con e-child\" data-id=\"6429706\" data-element_type=\"container\" data-e-type=\"container\">\n\t\t\t\t<div class=\"elementor-element elementor-element-5e8d3ef elementor-widget elementor-widget-text-editor\" data-id=\"5e8d3ef\" data-element_type=\"widget\" data-e-type=\"widget\" data-widget_type=\"text-editor.default\">\n\t\t\t\t<div class=\"elementor-widget-container\">\n\t\t\t\t\t\t\t\t\t<p>Para obtener m\u00e1s informaci\u00f3n sobre nuestras capacitaciones, retiros y otras ofertas.<\/p>\t\t\t\t\t\t\t\t<\/div>\n\t\t\t\t<\/div>\n\t\t\t\t<\/div>\n\t\t<div class=\"elementor-element elementor-element-20c758c e-con-full e-flex e-con e-child\" data-id=\"20c758c\" data-element_type=\"container\" data-e-type=\"container\">\n\t\t\t\t<div class=\"elementor-element elementor-element-cb79602 elementor-widget elementor-widget-button\" data-id=\"cb79602\" data-element_type=\"widget\" data-e-type=\"widget\" data-widget_type=\"button.default\">\n\t\t\t\t<div class=\"elementor-widget-container\">\n\t\t\t\t\t\t\t\t\t<div class=\"elementor-button-wrapper\">\n\t\t\t\t\t<a class=\"elementor-button elementor-button-link elementor-size-sm\" href=\"https:\/\/pachamamaretreatcenter.com\/es\/trainings\/\">\n\t\t\t\t\t\t<span class=\"elementor-button-content-wrapper\">\n\t\t\t\t\t\t<span class=\"elementor-button-icon\">\n\t\t\t\t<svg xmlns=\"http:\/\/www.w3.org\/2000\/svg\" width=\"25\" height=\"24\" viewbox=\"0 0 25 24\" fill=\"none\"><path d=\"M14.5 5L21.5 12M21.5 12L14.5 19M21.5 12H3.5\" stroke=\"#F0ECE2\" stroke-width=\"2\" stroke-linecap=\"round\" stroke-linejoin=\"round\"><\/path><\/svg>\t\t\t<\/span>\n\t\t\t\t\t\t\t\t\t<span class=\"elementor-button-text\">Ver horario<\/span>\n\t\t\t\t\t<\/span>\n\t\t\t\t\t<\/a>\n\t\t\t\t<\/div>\n\t\t\t\t\t\t\t\t<\/div>\n\t\t\t\t<\/div>\n\t\t\t\t<\/div>\n\t\t<div class=\"elementor-element elementor-element-3adabf5 e-con-full e-flex e-con e-child\" data-id=\"3adabf5\" data-element_type=\"container\" data-e-type=\"container\">\n\t\t\t\t<div class=\"elementor-element elementor-element-3054f55 elementor-widget elementor-widget-button\" data-id=\"3054f55\" data-element_type=\"widget\" data-e-type=\"widget\" data-widget_type=\"button.default\">\n\t\t\t\t<div class=\"elementor-widget-container\">\n\t\t\t\t\t\t\t\t\t<div class=\"elementor-button-wrapper\">\n\t\t\t\t\t<a class=\"elementor-button elementor-button-link elementor-size-sm\" href=\"https:\/\/pachamamaretreatcenter.com\/es\/contact\/\">\n\t\t\t\t\t\t<span class=\"elementor-button-content-wrapper\">\n\t\t\t\t\t\t<span class=\"elementor-button-icon\">\n\t\t\t\t<svg xmlns=\"http:\/\/www.w3.org\/2000\/svg\" width=\"25\" height=\"24\" viewbox=\"0 0 25 24\" fill=\"none\"><path d=\"M14.5 5L21.5 12M21.5 12L14.5 19M21.5 12H3.5\" stroke=\"#F0ECE2\" stroke-width=\"2\" stroke-linecap=\"round\" stroke-linejoin=\"round\"><\/path><\/svg>\t\t\t<\/span>\n\t\t\t\t\t\t\t\t\t<span class=\"elementor-button-text\">Contacto<\/span>\n\t\t\t\t\t<\/span>\n\t\t\t\t\t<\/a>\n\t\t\t\t<\/div>\n\t\t\t\t\t\t\t\t<\/div>\n\t\t\t\t<\/div>\n\t\t\t\t<\/div>\n\t\t\t\t\t<\/div>\n\t\t\t\t<\/div>\n\t\t<div class=\"elementor-element elementor-element-9c6c127 e-grid e-con-boxed e-con e-parent\" data-id=\"9c6c127\" data-element_type=\"container\" data-e-type=\"container\">\n\t\t\t\t\t<div class=\"e-con-inner\">\n\t\t\t\t\t<\/div>\n\t\t\t\t<\/div>\n\t\t\t\t<\/div>","protected":false},"excerpt":{"rendered":"<p>Andean Healing and Holistic Sexuality Retreats, Trainings, and Workshops At Pachamama we offer a variety of retreats,trainings and workshops on the intersection ofsexuality and holistic wellness throughout the year. Trainings Andean Healing and Holistic Trainings These trainings are tailored for therapists, otherhelping professions, healers and others ofsupport in the community. Retreats Retreats to Reconnect with [&hellip;]<\/p>\n","protected":false},"author":2,"featured_media":0,"parent":0,"menu_order":0,"comment_status":"closed","ping_status":"closed","template":"","meta":{"_acf_changed":false,"footnotes":""},"class_list":["post-551","page","type-page","status-publish","hentry"],"acf":[],"_links":{"self":[{"href":"https:\/\/pachamamaretreatcenter.com\/es\/wp-json\/wp\/v2\/pages\/551","targetHints":{"allow":["GET"]}}],"collection":[{"href":"https:\/\/pachamamaretreatcenter.com\/es\/wp-json\/wp\/v2\/pages"}],"about":[{"href":"https:\/\/pachamamaretreatcenter.com\/es\/wp-json\/wp\/v2\/types\/page"}],"author":[{"embeddable":true,"href":"https:\/\/pachamamaretreatcenter.com\/es\/wp-json\/wp\/v2\/users\/2"}],"replies":[{"embeddable":true,"href":"https:\/\/pachamamaretreatcenter.com\/es\/wp-json\/wp\/v2\/comments?post=551"}],"version-history":[{"count":122,"href":"https:\/\/pachamamaretreatcenter.com\/es\/wp-json\/wp\/v2\/pages\/551\/revisions"}],"predecessor-version":[{"id":1955,"href":"https:\/\/pachamamaretreatcenter.com\/es\/wp-json\/wp\/v2\/pages\/551\/revisions\/1955"}],"wp:attachment":[{"href":"https:\/\/pachamamaretreatcenter.com\/es\/wp-json\/wp\/v2\/media?parent=551"}],"curies":[{"name":"wp","href":"https:\/\/api.w.org\/{rel}","templated":true}]}}